{"id":92,"date":"2023-03-12T19:06:38","date_gmt":"2023-03-12T19:06:38","guid":{"rendered":"http:\/\/mediaciostudastar.hu\/?page_id=92"},"modified":"2023-11-12T14:53:03","modified_gmt":"2023-11-12T14:53:03","slug":"bemutato-esetvideo","status":"publish","type":"page","link":"https:\/\/mediaciostudastar.hu\/?page_id=92","title":{"rendered":"Bemutat\u00f3 esetvide\u00f3"},"content":{"rendered":"<div data-colibri-id=\"92-c1\" class=\"style-905 style-local-92-c1 position-relative\">\n  <!---->\n  <div data-colibri-component=\"section\" data-colibri-id=\"92-c15\" id=\"about-2\" class=\"h-section h-section-global-spacing d-flex align-items-lg-center align-items-md-center align-items-center style-919 style-local-92-c15 position-relative\">\n    <!---->\n    <!---->\n    <div class=\"h-section-grid-container h-section-boxed-container\">\n      <!---->\n      <div data-colibri-id=\"92-c16\" class=\"h-row-container gutters-row-lg-2 gutters-row-md-2 gutters-row-2 gutters-row-v-lg-2 gutters-row-v-md-2 gutters-row-v-2 style-920 style-local-92-c16 position-relative\">\n        <!---->\n        <div class=\"h-row justify-content-lg-center justify-content-md-center justify-content-center align-items-lg-stretch align-items-md-stretch align-items-stretch gutters-col-lg-2 gutters-col-md-2 gutters-col-2 gutters-col-v-lg-2 gutters-col-v-md-2 gutters-col-v-2\">\n          <!---->\n          <div class=\"h-column h-column-container d-flex h-col-lg-auto h-col-md-auto h-col-auto style-921-outer style-local-92-c17-outer\">\n            <div data-colibri-id=\"92-c17\" class=\"d-flex h-flex-basis h-column__inner h-px-lg-2 h-px-md-2 h-px-2 v-inner-lg-2 v-inner-md-2 v-inner-2 style-921 style-local-92-c17 position-relative\">\n              <!---->\n              <!---->\n              <div class=\"w-100 h-y-container h-column__content h-column__v-align flex-basis-100 align-self-lg-center align-self-md-center align-self-center\">\n                <!---->\n                <div data-colibri-id=\"92-c19\" class=\"h-global-transition-all h-heading style-923 style-local-92-c19 position-relative h-element\">\n                  <!---->\n                  <div class=\"h-heading__outer style-923 style-local-92-c19\">\n                    <!---->\n                    <!---->\n                    <h2 class=\"\">Bemutat\u00f3 <em style=\"font-family: &quot;Playfair Display&quot;; color: rgb(3, 169, 244);\">esetvide\u00f3<\/em> <\/h2>\n                  <\/div>\n                <\/div>\n                <div data-colibri-id=\"92-c28\" class=\"h-divider style-933 style-local-92-c28 position-relative h-element\">\n                  <!----><span class=\"h-divider__line style-933-line style-local-92-c28-line style-933-line style-local-92-c28-line\"><\/span> <span class=\"h-svg-icon h-divider__icon style-933-icon style-local-92-c28-icon\"><!--Icon by Icons8 Line Awesome (https:\/\/icons8.com\/line-awesome)--><svg version=\"1.1\" xmlns=\"http:\/\/www.w3.org\/2000\/svg\" xmlns:xlink=\"http:\/\/www.w3.org\/1999\/xlink\" id=\"video-camera\" viewBox=\"0 0 512 545.5\"><path d=\"M32 160h352v54l73-36.5 23-11.5v244l-23-11.5-73-36.5v54H32V160zm32 32v192h288V192H64zm384 26l-64 32v76l64 32V218z\"><\/path><\/svg><\/span>                  <span class=\"h-divider__line style-933-line style-local-92-c28-line style-933-line style-local-92-c28-line\"><\/span><\/div>\n                <div data-colibri-id=\"92-c20\" class=\"h-lead h-text h-text-component style-924 style-local-92-c20 position-relative h-element\">\n                  <!---->\n                  <!---->\n                  <div class=\"\">\n                    <p>V\u00e1llaltuk egy st\u00fadi\u00f3 k\u00f6r\u00fclm\u00e9nyek k\u00f6z\u00f6tt, komplett filmes technik\u00e1val, sz\u00edn\u00e9szekkel felvett medi\u00e1ci\u00f3s oktat\u00f3film elk\u00e9sz\u00edt\u00e9s\u00e9t. Az el\u0151k\u00e9sz\u00edt\u00e9s itt is elengedhetetlen volt, mindent meghat\u00e1roz\u00f3 \u00e9s az egyik legfontosabb l\u00e9p\u00e9s a tervezett\n                      v\u00e9gterm\u00e9k, az oktat\u00f3film elk\u00e9sz\u00edt\u00e9s\u00e9nek folyamat\u00e1ban. Az\u00e9rt is sz\u00fcks\u00e9ges, mert a megfelel\u0151 precizit\u00e1s\u00fa el\u0151k\u00e9sz\u00edt\u00e9s seg\u00edt biztos\u00edtani, hogy a forgat\u00e1s \u00e9s az ut\u00f3munka hat\u00e9konyan \u00e9s g\u00f6rd\u00fcl\u00e9kenyen menjen. Tov\u00e1bb\u00e1 seg\u00edt \u00e9s lehet\u0151v\u00e9 teszi,\n                      hogy a v\u00e9gterm\u00e9k min\u00e9l jobb min\u0151s\u00e9g\u0171 legyen. Az el\u0151k\u00e9sz\u00edt\u00e9s f\u00e1zis\u00e1ban a szakmai \u00edr\u00f3 \u00e9s tervez\u0151 csapatt\u00f3l kapott koncepci\u00f3 \u00e9s tervek alapj\u00e1n a forgat\u00f3k\u00f6nyv meg\u00edr\u00e1sa \u00e9s j\u00f3v\u00e1hagy\u00e1sa k\u00f6vetkezett. Ezut\u00e1n a kreat\u00edv tervez\u00e9s, a l\u00e1tv\u00e1nyvil\u00e1g\n                      megalkot\u00e1sa, a terepszemle, a forgat\u00e1si helysz\u00edn \u00e9s az id\u0151pontok kiv\u00e1laszt\u00e1sa, a k\u00f6lts\u00e9gtervez\u00e9s, a st\u00e1b \u00f6ssze\u00e1ll\u00edt\u00e1sa. Az oktat\u00f3vide\u00f3 forgat\u00e1s\u00e1t 7 f\u0151s st\u00e1b v\u00e9gezte, 3 szerepl\u0151 \u00e9s 4 f\u0151 technikai st\u00e1b. A technikai st\u00e1bot a rendez\u0151,\n                      az operat\u0151r\u00f6k, a hangm\u00e9rn\u00f6k alkott\u00e1k. K\u00e9t kamer\u00e1s forgat\u00e1sok zajlottak, a hangs\u00e1vokat t\u00f6bbf\u00e9le m\u00f3dszerrel \u00e9s technik\u00e1val k\u00fcl\u00f6n r\u00f6gz\u00edtett\u00fck. Mindezt professzion\u00e1lis technik\u00e1val, kiv\u00e1l\u00f3 (4K) min\u0151s\u00e9gben. Auto \u00e9s manu\u00e1l f\u00f3kusz\u00fa objekt\u00edvekkel.\n                      Ennek technikai megval\u00f3s\u00edt\u00e1s\u00e1hoz volt sz\u00fcks\u00e9g a 4 f\u0151s st\u00e1bra.<\/p>\n                    <p>\n                      <br>\n                    <\/p>\n                    <p>A vide\u00f3s ut\u00f3munka egy k\u00fcl\u00f6n szakma. De elengedhetetlen volt a professzion\u00e1lis eredm\u00e9ny el\u00e9r\u00e9s\u00e9ben. Ez a f\u00e1zis seg\u00edtett, hogy a v\u00e9gterm\u00e9k min\u00e9l jobb min\u0151s\u00e9g\u0171 legyen. A v\u00e1g\u00e1s \u00e9s a szerkeszt\u00e9s seg\u00edtett az \u00e9leth\u0171 t\u00f6rt\u00e9netmes\u00e9l\u00e9sben. Az\n                      ut\u00f3munka sor\u00e1n a st\u00e1b k\u00e9pes jav\u00edtani a forgatott anyagok min\u0151s\u00e9g\u00e9n, korrig\u00e1lni a hib\u00e1kat.<\/p>\n                    <p>\n                      <br>\n                    <\/p>\n                    <p>\n                      <br>\n                    <\/p>\n                  <\/div>\n                <\/div>\n              <\/div>\n            <\/div>\n          <\/div>\n          <div class=\"h-column h-column-container d-flex h-col-lg-auto h-col-md-auto h-col-auto style-927-outer style-local-92-c23-outer\">\n            <div data-colibri-id=\"92-c23\" class=\"d-flex h-flex-basis h-column__inner h-px-lg-2 h-px-md-2 h-px-2 v-inner-lg-2 v-inner-md-2 v-inner-2 style-927 style-local-92-c23 position-relative\">\n              <!---->\n              <!---->\n              <div class=\"w-100 h-y-container h-column__content h-column__v-align flex-basis-100 align-self-lg-center align-self-md-center align-self-center\">\n                <!---->\n                <div data-colibri-id=\"92-c27\" class=\"d-block style-931 style-local-92-c27 position-relative h-element\">\n                  <!---->\n                  <div class=\"h-image__frame-container-outer\">\n                    <div class=\"h-image__frame-container\">\n                      <!---->\n                      <!---->\n                      <img decoding=\"async\" loading=\"lazy\" width=\"693\" height=\"518\" src=\"http:\/\/mediaciostudastar.hu\/wp-content\/uploads\/2023\/11\/eset1.jpg\" class=\"wp-image-987 style-931-image style-local-92-c27-image\" srcset=\"https:\/\/mediaciostudastar.hu\/wp-content\/uploads\/2023\/11\/eset1.jpg 693w, https:\/\/mediaciostudastar.hu\/wp-content\/uploads\/2023\/11\/eset1-300x224.jpg 300w\" sizes=\"(max-width: 693px) 100vw, 693px\" alt=\"\" \/>\n                      <div class=\"h-image__frame h-hide-lg h-hide-md h-hide-sm style-931-frameImage style-local-92-c27-frameImage\"><\/div>\n                    <\/div>\n                  <\/div>\n                <\/div>\n                <div data-colibri-id=\"92-c26\" class=\"d-block style-930 style-local-92-c26 position-relative h-element\">\n                  <!---->\n                  <div class=\"h-image__frame-container-outer\">\n                    <div class=\"h-image__frame-container\">\n                      <!---->\n                      <!---->\n                      <img decoding=\"async\" loading=\"lazy\" width=\"693\" height=\"520\" src=\"http:\/\/mediaciostudastar.hu\/wp-content\/uploads\/2023\/11\/eset2.jpg\" class=\"wp-image-988 style-930-image style-local-92-c26-image\" srcset=\"https:\/\/mediaciostudastar.hu\/wp-content\/uploads\/2023\/11\/eset2.jpg 693w, https:\/\/mediaciostudastar.hu\/wp-content\/uploads\/2023\/11\/eset2-300x225.jpg 300w\" sizes=\"(max-width: 693px) 100vw, 693px\" alt=\"\" \/>\n                      <div class=\"h-image__frame h-hide-lg h-hide-md h-hide-sm style-930-frameImage style-local-92-c26-frameImage\"><\/div>\n                    <\/div>\n                  <\/div>\n                <\/div>\n                <div data-colibri-id=\"92-c25\" class=\"d-block style-929 style-local-92-c25 position-relative h-element\">\n                  <!---->\n                  <div class=\"h-image__frame-container-outer\">\n                    <div class=\"h-image__frame-container\">\n                      <!---->\n                      <!---->\n                      <img decoding=\"async\" loading=\"lazy\" width=\"690\" height=\"518\" src=\"http:\/\/mediaciostudastar.hu\/wp-content\/uploads\/2023\/11\/eset3.jpg\" class=\"wp-image-989 style-929-image style-local-92-c25-image\" srcset=\"https:\/\/mediaciostudastar.hu\/wp-content\/uploads\/2023\/11\/eset3.jpg 690w, https:\/\/mediaciostudastar.hu\/wp-content\/uploads\/2023\/11\/eset3-300x225.jpg 300w\" sizes=\"(max-width: 690px) 100vw, 690px\" alt=\"\" \/>\n                      <div class=\"h-image__frame h-hide-lg h-hide-md h-hide-sm style-929-frameImage style-local-92-c25-frameImage\"><\/div>\n                    <\/div>\n                  <\/div>\n                <\/div>\n                <div data-colibri-id=\"92-c24\" class=\"d-block style-928 style-local-92-c24 position-relative h-element\">\n                  <!---->\n                  <div class=\"h-image__frame-container-outer\">\n                    <div class=\"h-image__frame-container\">\n                      <!---->\n                      <!---->\n                      <img decoding=\"async\" loading=\"lazy\" width=\"693\" height=\"520\" src=\"http:\/\/mediaciostudastar.hu\/wp-content\/uploads\/2023\/11\/eset4.jpg\" class=\"wp-image-990 style-928-image style-local-92-c24-image\" srcset=\"https:\/\/mediaciostudastar.hu\/wp-content\/uploads\/2023\/11\/eset4.jpg 693w, https:\/\/mediaciostudastar.hu\/wp-content\/uploads\/2023\/11\/eset4-300x225.jpg 300w\" sizes=\"(max-width: 693px) 100vw, 693px\" alt=\"\" \/>\n                      <div class=\"h-image__frame h-hide-lg h-hide-md h-hide-sm style-928-frameImage style-local-92-c24-frameImage\"><\/div>\n                    <\/div>\n                  <\/div>\n                <\/div>\n              <\/div>\n            <\/div>\n          <\/div>\n        <\/div>\n      <\/div>\n    <\/div>\n  <\/div>\n<\/div>","protected":false},"excerpt":{"rendered":"<p>Bemutat\u00f3 esetvide\u00f3 V\u00e1llaltuk egy st\u00fadi\u00f3 k\u00f6r\u00fclm\u00e9nyek k\u00f6z\u00f6tt, komplett filmes technik\u00e1val, sz\u00edn\u00e9szekkel felvett medi\u00e1ci\u00f3s oktat\u00f3film elk\u00e9sz\u00edt\u00e9s\u00e9t. Az el\u0151k\u00e9sz\u00edt\u00e9s itt is elengedhetetlen volt, mindent meghat\u00e1roz\u00f3 \u00e9s az egyik legfontosabb l\u00e9p\u00e9s a tervezett v\u00e9gterm\u00e9k, az oktat\u00f3film elk\u00e9sz\u00edt\u00e9s\u00e9nek folyamat\u00e1ban. Az\u00e9rt is sz\u00fcks\u00e9ges, mert a megfelel\u0151 precizit\u00e1s\u00fa el\u0151k\u00e9sz\u00edt\u00e9s seg\u00edt biztos\u00edtani, hogy a forgat\u00e1s \u00e9s az ut\u00f3munka hat\u00e9konyan \u00e9s g\u00f6rd\u00fcl\u00e9kenyen menjen. [&hellip;]<\/p>\n","protected":false},"author":1,"featured_media":0,"parent":0,"menu_order":0,"comment_status":"closed","ping_status":"closed","template":"page-templates\/full-width-page.php","meta":[],"_links":{"self":[{"href":"https:\/\/mediaciostudastar.hu\/index.php?rest_route=\/wp\/v2\/pages\/92"}],"collection":[{"href":"https:\/\/mediaciostudastar.hu\/index.php?rest_route=\/wp\/v2\/pages"}],"about":[{"href":"https:\/\/mediaciostudastar.hu\/index.php?rest_route=\/wp\/v2\/types\/page"}],"author":[{"embeddable":true,"href":"https:\/\/mediaciostudastar.hu\/index.php?rest_route=\/wp\/v2\/users\/1"}],"replies":[{"embeddable":true,"href":"https:\/\/mediaciostudastar.hu\/index.php?rest_route=%2Fwp%2Fv2%2Fcomments&post=92"}],"version-history":[{"count":4,"href":"https:\/\/mediaciostudastar.hu\/index.php?rest_route=\/wp\/v2\/pages\/92\/revisions"}],"predecessor-version":[{"id":999,"href":"https:\/\/mediaciostudastar.hu\/index.php?rest_route=\/wp\/v2\/pages\/92\/revisions\/999"}],"wp:attachment":[{"href":"https:\/\/mediaciostudastar.hu\/index.php?rest_route=%2Fwp%2Fv2%2Fmedia&parent=92"}],"curies":[{"name":"wp","href":"https:\/\/api.w.org\/{rel}","templated":true}]}}